{"id":1771,"date":"2023-02-21T14:09:57","date_gmt":"2023-02-21T13:09:57","guid":{"rendered":"https:\/\/vivenziahomeblog.condato.es\/?page_id=1771"},"modified":"2026-04-07T21:44:47","modified_gmt":"2026-04-07T20:44:47","slug":"reclamar-plusvalia-municipal-en-sevilla","status":"publish","type":"page","link":"https:\/\/vivenziahome.com\/blog\/reclamar-plusvalia-municipal-en-sevilla\/","title":{"rendered":"Reclamar Plusval\u00eda Municipal Sevilla"},"content":{"rendered":"<div class=\"fusion-fullwidth fullwidth-box fusion-builder-row-1 fusion-flex-container nonhundred-percent-fullwidth non-hundred-percent-height-scrolling\" style=\"--awb-border-radius-top-left:0px;--awb-border-radius-top-right:0px;--awb-border-radius-bottom-right:0px;--awb-border-radius-bottom-left:0px;--awb-flex-wrap:wrap;\" ><div class=\"fusion-builder-row fusion-row fusion-flex-align-items-flex-start fusion-flex-content-wrap\" style=\"max-width:1248px;margin-left: calc(-4% \/ 2 );margin-right: calc(-4% \/ 2 );\">\n<div class=\"fusion-layout-column fusion_builder_column fusion-builder-column-0 fusion_builder_column_1_1 1_1 fusion-flex-column\" style=\"--awb-bg-size:cover;--awb-width-large:100%;--awb-margin-top-large:0px;--awb-spacing-right-large:1.92%;--awb-margin-bottom-large:20px;--awb-spacing-left-large:1.92%;--awb-width-medium:100%;--awb-spacing-right-medium:1.92%;--awb-spacing-left-medium:1.92%;--awb-width-small:100%;--awb-spacing-right-small:1.92%;--awb-spacing-left-small:1.92%;\"><div class=\"fusion-column-wrapper fusion-flex-justify-content-flex-start fusion-content-layout-column\">\n<div class=\"fusion-text fusion-text-1\"><h1>Reclamar la Plusval\u00eda Municipal en Sevilla<\/h1>\n<h3>Solicita asesoramiento en la venta de tu piso<\/h3>\n<p>Despu\u00e9s de que el Tribunal Constitucional declarara inconstitucional el cobro de la Plusval\u00eda Municipal, cada vez son m\u00e1s los propietarios que se animan a solicitar la devoluci\u00f3n de su importe.<\/p>\n<p>&#8211; \u00bfQuieres conocer qu\u00e9 posibilidades de reclamaci\u00f3n existen en tu caso?<\/p>\n<p>Facil\u00edtanos los datos de tu vivienda y el equipo jur\u00eddico de Vivenzia Home analizar\u00e1 tu situaci\u00f3n para facilitarte la mejor soluci\u00f3n.<script type=\"text\/javascript\" src=\"https:\/\/api.clientify.net\/web-marketing\/superforms\/script\/115410.js\"><\/script><\/p>\n<\/div>\n<\/div><\/div>\n<\/div>\n<\/div>\n","protected":false},"excerpt":{"rendered":"","protected":false},"author":1,"featured_media":0,"parent":0,"menu_order":0,"comment_status":"closed","ping_status":"closed","template":"templates\/new_landing.php","meta":{"inline_featured_image":false,"footnotes":""},"class_list":["post-1771","page","type-page","status-publish","hentry"],"_links":{"self":[{"href":"https:\/\/vivenziahome.com\/blog\/wp-json\/wp\/v2\/pages\/1771","targetHints":{"allow":["GET"]}}],"collection":[{"href":"https:\/\/vivenziahome.com\/blog\/wp-json\/wp\/v2\/pages"}],"about":[{"href":"https:\/\/vivenziahome.com\/blog\/wp-json\/wp\/v2\/types\/page"}],"author":[{"embeddable":true,"href":"https:\/\/vivenziahome.com\/blog\/wp-json\/wp\/v2\/users\/1"}],"replies":[{"embeddable":true,"href":"https:\/\/vivenziahome.com\/blog\/wp-json\/wp\/v2\/comments?post=1771"}],"version-history":[{"count":13,"href":"https:\/\/vivenziahome.com\/blog\/wp-json\/wp\/v2\/pages\/1771\/revisions"}],"predecessor-version":[{"id":4792,"href":"https:\/\/vivenziahome.com\/blog\/wp-json\/wp\/v2\/pages\/1771\/revisions\/4792"}],"wp:attachment":[{"href":"https:\/\/vivenziahome.com\/blog\/wp-json\/wp\/v2\/media?parent=1771"}],"curies":[{"name":"wp","href":"https:\/\/api.w.org\/{rel}","templated":true}]}}