{"id":1779,"date":"2023-02-21T15:37:23","date_gmt":"2023-02-21T14:37:23","guid":{"rendered":"https:\/\/vivenziahomeblog.condato.es\/?page_id=1779"},"modified":"2026-04-07T21:44:43","modified_gmt":"2026-04-07T20:44:43","slug":"informe-inmobiliario-en-sevilla-2018","status":"publish","type":"page","link":"https:\/\/vivenziahome.com\/blog\/informe-inmobiliario-en-sevilla-2018\/","title":{"rendered":"Informe Inmobiliario en Sevilla 2018"},"content":{"rendered":"<div class=\"fusion-fullwidth fullwidth-box fusion-builder-row-1 fusion-flex-container nonhundred-percent-fullwidth non-hundred-percent-height-scrolling\" style=\"--awb-border-radius-top-left:0px;--awb-border-radius-top-right:0px;--awb-border-radius-bottom-right:0px;--awb-border-radius-bottom-left:0px;--awb-flex-wrap:wrap;\" ><div class=\"fusion-builder-row fusion-row fusion-flex-align-items-flex-start fusion-flex-content-wrap\" style=\"max-width:1248px;margin-left: calc(-4% \/ 2 );margin-right: calc(-4% \/ 2 );\">\n<div class=\"fusion-layout-column fusion_builder_column fusion-builder-column-0 fusion_builder_column_1_1 1_1 fusion-flex-column\" style=\"--awb-bg-size:cover;--awb-width-large:100%;--awb-margin-top-large:0px;--awb-spacing-right-large:1.92%;--awb-margin-bottom-large:20px;--awb-spacing-left-large:1.92%;--awb-width-medium:100%;--awb-spacing-right-medium:1.92%;--awb-spacing-left-medium:1.92%;--awb-width-small:100%;--awb-spacing-right-small:1.92%;--awb-spacing-left-small:1.92%;\"><div class=\"fusion-column-wrapper fusion-flex-justify-content-flex-start fusion-content-layout-column\">\n<div class=\"fusion-text fusion-text-1\"><h1>Informe Inmobiliario 2018 &#8211; Nervi\u00f3n y Santa Aurelia<\/h1>\n<p>Conoce la evoluci\u00f3n del precio de la vivienda en Sevilla<\/p>\n<p>En Vivenzia Home, hemos realizado una selecci\u00f3n con los datos m\u00e1s importantes del mercado inmobiliario de los barrios de Nervi\u00f3n y Santa Aurelia durante 2018.<\/p>\n<p>Descarga tu informe inmobiliario y conoce toda la informaci\u00f3n a cerca de:<\/p>\n<p>&#8211; Precios medios por metro cuadrado.<br \/>\n&#8211; Plazos de venta.<br \/>\n&#8211; Caracter\u00edsticas de las viviendas m\u00e1s demandadas.<br \/>\n&#8211; Diferencias entre precio anunciado y precio de venta.<\/p>\n<p>Si vas a comprar o vender un piso en Sevilla, descarga tu informe y conoce el mercado inmobiliario de tu zona con datos de ventas reales del sector.<script type=\"text\/javascript\" src=\"https:\/\/api.clientify.net\/web-marketing\/superforms\/script\/115666.js\"><\/script><\/p>\n<\/div>\n<\/div><\/div>\n<\/div>\n<\/div>\n","protected":false},"excerpt":{"rendered":"","protected":false},"author":1,"featured_media":0,"parent":0,"menu_order":0,"comment_status":"closed","ping_status":"closed","template":"templates\/new_landing.php","meta":{"inline_featured_image":false,"footnotes":""},"class_list":["post-1779","page","type-page","status-publish","hentry"],"_links":{"self":[{"href":"https:\/\/vivenziahome.com\/blog\/wp-json\/wp\/v2\/pages\/1779","targetHints":{"allow":["GET"]}}],"collection":[{"href":"https:\/\/vivenziahome.com\/blog\/wp-json\/wp\/v2\/pages"}],"about":[{"href":"https:\/\/vivenziahome.com\/blog\/wp-json\/wp\/v2\/types\/page"}],"author":[{"embeddable":true,"href":"https:\/\/vivenziahome.com\/blog\/wp-json\/wp\/v2\/users\/1"}],"replies":[{"embeddable":true,"href":"https:\/\/vivenziahome.com\/blog\/wp-json\/wp\/v2\/comments?post=1779"}],"version-history":[{"count":5,"href":"https:\/\/vivenziahome.com\/blog\/wp-json\/wp\/v2\/pages\/1779\/revisions"}],"predecessor-version":[{"id":4790,"href":"https:\/\/vivenziahome.com\/blog\/wp-json\/wp\/v2\/pages\/1779\/revisions\/4790"}],"wp:attachment":[{"href":"https:\/\/vivenziahome.com\/blog\/wp-json\/wp\/v2\/media?parent=1779"}],"curies":[{"name":"wp","href":"https:\/\/api.w.org\/{rel}","templated":true}]}}