{"id":3179,"date":"2024-02-05T13:37:26","date_gmt":"2024-02-05T12:37:26","guid":{"rendered":"https:\/\/vivenziahomeblog.condato.es\/?page_id=3179"},"modified":"2026-04-07T21:15:16","modified_gmt":"2026-04-07T20:15:16","slug":"calculadora-ibi-sevilla","status":"publish","type":"page","link":"https:\/\/vivenziahome.com\/blog\/calculadora-ibi-sevilla\/","title":{"rendered":"Calculadora de IBI en Sevilla"},"content":{"rendered":"<p><div class=\"fusion-fullwidth fullwidth-box fusion-builder-row-1 fusion-flex-container nonhundred-percent-fullwidth non-hundred-percent-height-scrolling\" style=\"--awb-border-radius-top-left:0px;--awb-border-radius-top-right:0px;--awb-border-radius-bottom-right:0px;--awb-border-radius-bottom-left:0px;--awb-flex-wrap:wrap;\" ><div class=\"fusion-builder-row fusion-row fusion-flex-align-items-flex-start fusion-flex-content-wrap\" style=\"max-width:1248px;margin-left: calc(-4% \/ 2 );margin-right: calc(-4% \/ 2 );\"><div class=\"fusion-layout-column fusion_builder_column fusion-builder-column-0 fusion_builder_column_2_3 2_3 fusion-flex-column\" style=\"--awb-bg-size:cover;--awb-width-large:66.666666666667%;--awb-margin-top-large:0px;--awb-spacing-right-large:3.84%;--awb-margin-bottom-large:20px;--awb-spacing-left-large:2.88%;--awb-width-medium:100%;--awb-spacing-right-medium:1.92%;--awb-spacing-left-medium:1.92%;--awb-width-small:100%;--awb-spacing-right-small:1.92%;--awb-spacing-left-small:1.92%;\"><div class=\"fusion-column-wrapper fusion-flex-justify-content-flex-start fusion-content-layout-column\"><div class=\"fusion-text fusion-text-1\"><h1>Calculadora de IBI en Sevilla<\/h1>\n<h1>Calculadora de IBI en Sevilla<\/h1>\n<h2>Conoce lo que pagar\u00e1s por el IBI de tu vivienda en Sevilla<\/h2>\n<p>\u00bfTienes una vivienda en Sevilla y te gustar\u00eda saber lo que vas a pagar de IBI? \u00bfVas a comprar una nueva vivienda y no sabes la cantidad que tendr\u00e1s que desembolsar?<\/p>\n<p>Descarga la calculadora de IBI de Vivenzia Home y <strong>conoce lo que pagar\u00e1s por el IBI de tu vivienda de manera autom\u00e1tica.<\/strong><\/p>\n<p><em>*Calculadora dise\u00f1ada para calcular el IBI de Bienes Inmuebles de Naturaleza Urbana.<\/em><\/p>\n<p><em>*Calculadora actualizada en base a los tipos de grav\u00e1menes establecidos por el Ayuntamiento de Sevilla para 2024.<\/em><\/p>\n<\/div><\/div><\/div><div class=\"fusion-layout-column fusion_builder_column fusion-builder-column-1 fusion_builder_column_1_3 1_3 fusion-flex-column\" style=\"--awb-bg-size:cover;--awb-width-large:33.333333333333%;--awb-margin-top-large:0px;--awb-spacing-right-large:5.76%;--awb-margin-bottom-large:20px;--awb-spacing-left-large:3.8399999999999%;--awb-width-medium:100%;--awb-spacing-right-medium:1.92%;--awb-spacing-left-medium:1.92%;--awb-width-small:100%;--awb-spacing-right-small:1.92%;--awb-spacing-left-small:1.92%;\"><div class=\"fusion-column-wrapper fusion-flex-justify-content-flex-start fusion-content-layout-column\"><div class=\"fusion-text fusion-text-2\"><div id=\"cf-form-calc-3179\"><\/div>\n<p><img decoding=\"async\" src=\"data:image\/gif;base64,R0lGODlhAQABAIAAAAAAAP\/\/\/yH5BAEAAAAALAAAAAABAAEAAAIBRAA7\" style=\"display:none\" onload=\"var s=document.createElement('script');s.src='https:\/\/api.clientify.net\/web-marketing\/superforms\/script\/172210.js';document.head.appendChild(s);\"><\/p>\n<\/div><\/div><\/div><\/div><\/div><div class=\"fusion-fullwidth fullwidth-box fusion-builder-row-2 fusion-flex-container nonhundred-percent-fullwidth non-hundred-percent-height-scrolling\" style=\"--awb-border-radius-top-left:0px;--awb-border-radius-top-right:0px;--awb-border-radius-bottom-right:0px;--awb-border-radius-bottom-left:0px;--awb-padding-top:30px;--awb-padding-bottom:30px;--awb-flex-wrap:wrap;\" ><div class=\"fusion-builder-row fusion-row fusion-flex-align-items-flex-start fusion-flex-content-wrap\" style=\"max-width:1248px;margin-left: calc(-4% \/ 2 );margin-right: calc(-4% \/ 2 );\"><div class=\"fusion-layout-column fusion_builder_column fusion-builder-column-2 fusion_builder_column_1_1 1_1 fusion-flex-column\" style=\"--awb-bg-size:cover;--awb-width-large:100%;--awb-margin-top-large:0px;--awb-spacing-right-large:1.92%;--awb-margin-bottom-large:20px;--awb-spacing-left-large:1.92%;--awb-width-medium:100%;--awb-spacing-right-medium:1.92%;--awb-spacing-left-medium:1.92%;--awb-width-small:100%;--awb-spacing-right-small:1.92%;--awb-spacing-left-small:1.92%;\"><div class=\"fusion-column-wrapper fusion-flex-justify-content-flex-start fusion-content-layout-column\"><div class=\"fusion-text fusion-text-3\"><p><!-- CTA inline calculadora - Vivenzia Home --><\/p>\n<div style=\"background:linear-gradient(135deg,#0575e0,#75d1f2);border-radius:12px;padding:32px;margin:20px 0;color:#fff;font-family:Poppins,sans-serif;text-align:center;\">\n<p style=\"font-size:22px;font-weight:600;margin:0 0 10px;color:#fff;\">\u00bfPensando en vender tu vivienda?<\/p>\n<p style=\"font-size:15px;margin:0 0 20px;color:rgba(255,255,255,0.92);line-height:1.5;\">Te hacemos una valoraci\u00f3n profesional gratuita y te calculamos todos los costes: plusval\u00eda, ganancia patrimonial, IBI y m\u00e1s.<\/p>\n<div style=\"display:flex;gap:12px;justify-content:center;flex-wrap:wrap;\">\n<a href=\"https:\/\/wa.me\/34616693352?text=Hola%2C%20quiero%20saber%20cu%C3%A1nto%20vale%20mi%20vivienda%20en%20Sevilla\" target=\"_blank\" rel=\"noopener\" style=\"display:inline-block;background:#25D366;color:#fff;font-weight:600;padding:14px 32px;border-radius:8px;text-decoration:none;font-size:15px;\">Pedir valoraci\u00f3n por WhatsApp<\/a><br \/>\n<a href=\"tel:+34954981600\" style=\"display:inline-block;background:#fff;color:#0575e0;font-weight:600;padding:14px 32px;border-radius:8px;text-decoration:none;font-size:15px;\">Llamar: 954 98 16 00<\/a>\n<\/div>\n<\/div>\n<\/div><\/div><\/div><\/div><\/div><\/p>\n","protected":false},"excerpt":{"rendered":"","protected":false},"author":1,"featured_media":0,"parent":0,"menu_order":0,"comment_status":"closed","ping_status":"closed","template":"templates\/new_landing.php","meta":{"inline_featured_image":false,"footnotes":""},"class_list":["post-3179","page","type-page","status-publish","hentry"],"_links":{"self":[{"href":"https:\/\/vivenziahome.com\/blog\/wp-json\/wp\/v2\/pages\/3179","targetHints":{"allow":["GET"]}}],"collection":[{"href":"https:\/\/vivenziahome.com\/blog\/wp-json\/wp\/v2\/pages"}],"about":[{"href":"https:\/\/vivenziahome.com\/blog\/wp-json\/wp\/v2\/types\/page"}],"author":[{"embeddable":true,"href":"https:\/\/vivenziahome.com\/blog\/wp-json\/wp\/v2\/users\/1"}],"replies":[{"embeddable":true,"href":"https:\/\/vivenziahome.com\/blog\/wp-json\/wp\/v2\/comments?post=3179"}],"version-history":[{"count":6,"href":"https:\/\/vivenziahome.com\/blog\/wp-json\/wp\/v2\/pages\/3179\/revisions"}],"predecessor-version":[{"id":4650,"href":"https:\/\/vivenziahome.com\/blog\/wp-json\/wp\/v2\/pages\/3179\/revisions\/4650"}],"wp:attachment":[{"href":"https:\/\/vivenziahome.com\/blog\/wp-json\/wp\/v2\/media?parent=3179"}],"curies":[{"name":"wp","href":"https:\/\/api.w.org\/{rel}","templated":true}]}}