{"id":3328,"date":"2024-03-19T13:40:13","date_gmt":"2024-03-19T12:40:13","guid":{"rendered":"https:\/\/vivenziahomeblog.condato.es\/?page_id=3328"},"modified":"2026-04-07T21:43:40","modified_gmt":"2026-04-07T20:43:40","slug":"deducciones-renta-2023-en-andalucia","status":"publish","type":"page","link":"https:\/\/vivenziahome.com\/blog\/deducciones-renta-2023-en-andalucia\/","title":{"rendered":"Deducciones Renta 2023 en Andaluc\u00eda"},"content":{"rendered":"<div class=\"fusion-fullwidth fullwidth-box fusion-builder-row-1 fusion-flex-container nonhundred-percent-fullwidth non-hundred-percent-height-scrolling\" style=\"--awb-border-radius-top-left:0px;--awb-border-radius-top-right:0px;--awb-border-radius-bottom-right:0px;--awb-border-radius-bottom-left:0px;--awb-flex-wrap:wrap;\" ><div class=\"fusion-builder-row fusion-row fusion-flex-align-items-flex-start fusion-flex-content-wrap\" style=\"max-width:1248px;margin-left: calc(-4% \/ 2 );margin-right: calc(-4% \/ 2 );\">\n<div class=\"fusion-layout-column fusion_builder_column fusion-builder-column-0 fusion_builder_column_1_1 1_1 fusion-flex-column\" style=\"--awb-bg-size:cover;--awb-width-large:100%;--awb-margin-top-large:0px;--awb-spacing-right-large:1.92%;--awb-margin-bottom-large:20px;--awb-spacing-left-large:1.92%;--awb-width-medium:100%;--awb-spacing-right-medium:1.92%;--awb-spacing-left-medium:1.92%;--awb-width-small:100%;--awb-spacing-right-small:1.92%;--awb-spacing-left-small:1.92%;\"><div class=\"fusion-column-wrapper fusion-flex-justify-content-flex-start fusion-content-layout-column\">\n<div class=\"fusion-text fusion-text-1\"><h1>Deducciones auton\u00f3micas en Andaluc\u00eda<\/h1>\n<h2>Manual Pr\u00e1ctico de la Renta 2023<\/h2>\n<p>En Vivenzia Home hemos extra\u00eddo del Manual Pr\u00e1ctico de la Renta 2023 las <strong>deducciones auton\u00f3micas<\/strong> pertenecientes a la comunidad andaluza. Accede a las deducciones por:<\/p>\n<p>\u2022 Por circunstancias personales y familiares<br \/>\n\u2022 Relativa a la vivienda habitual<br \/>\n\u2022 Por donativos y donaciones<br \/>\n\u2022 Otros conceptos deducibles<\/p>\n<p>Descarga las deducciones auton\u00f3micas en Andaluc\u00eda para el ejercicio de la Renta 2023.<script type=\"text\/javascript\" src=\"https:\/\/api.clientify.net\/web-marketing\/superforms\/script\/179127.js\"><\/script><\/p>\n<\/div>\n<\/div><\/div>\n<\/div>\n<\/div>\n","protected":false},"excerpt":{"rendered":"","protected":false},"author":1,"featured_media":0,"parent":0,"menu_order":0,"comment_status":"closed","ping_status":"closed","template":"templates\/new_landing.php","meta":{"inline_featured_image":false,"footnotes":""},"class_list":["post-3328","page","type-page","status-publish","hentry"],"_links":{"self":[{"href":"https:\/\/vivenziahome.com\/blog\/wp-json\/wp\/v2\/pages\/3328","targetHints":{"allow":["GET"]}}],"collection":[{"href":"https:\/\/vivenziahome.com\/blog\/wp-json\/wp\/v2\/pages"}],"about":[{"href":"https:\/\/vivenziahome.com\/blog\/wp-json\/wp\/v2\/types\/page"}],"author":[{"embeddable":true,"href":"https:\/\/vivenziahome.com\/blog\/wp-json\/wp\/v2\/users\/1"}],"replies":[{"embeddable":true,"href":"https:\/\/vivenziahome.com\/blog\/wp-json\/wp\/v2\/comments?post=3328"}],"version-history":[{"count":4,"href":"https:\/\/vivenziahome.com\/blog\/wp-json\/wp\/v2\/pages\/3328\/revisions"}],"predecessor-version":[{"id":4766,"href":"https:\/\/vivenziahome.com\/blog\/wp-json\/wp\/v2\/pages\/3328\/revisions\/4766"}],"wp:attachment":[{"href":"https:\/\/vivenziahome.com\/blog\/wp-json\/wp\/v2\/media?parent=3328"}],"curies":[{"name":"wp","href":"https:\/\/api.w.org\/{rel}","templated":true}]}}